

{"id":8,"date":"2024-09-22T22:33:58","date_gmt":"2024-09-22T20:33:58","guid":{"rendered":"https:\/\/szephalom2024.plebania.hu\/?page_id=8"},"modified":"2024-12-09T14:50:36","modified_gmt":"2024-12-09T13:50:36","slug":"kapcsolat","status":"publish","type":"page","link":"https:\/\/szephalom.plebania.hu\/index.php\/kapcsolat\/","title":{"rendered":"Kapcsolat"},"content":{"rendered":"\n<p style=\"font-size:17px\"><strong>TEMPLOM<\/strong><\/p>\n\n\n\n<p>1028 Budapest, Kossuth Lajos utca 13.<\/p>\n\n\n\n<p><strong>PL\u00c9B\u00c1NIA<\/strong><\/p>\n\n\n\n<p>1028 Budapest, Templom k\u00f6z 1.<br>Telefon: +36-30-214-1407<br>E-mail: plebania.iroda@gmail.com<\/p>\n\n\n\n<p>Irodai id\u0151:<br>&#8211; Kedd: 9-12 \u00f3ra<br>&#8211; Cs\u00fct\u00f6rt\u00f6k: 9-12 \u00f3ra<br>&#8211; P\u00e9ntek: 14-17 \u00f3ra<\/p>\n\n\n\n<p><strong>EGYH\u00c1ZI HOZZ\u00c1J\u00c1RUL\u00c1S<\/strong><\/p>\n\n\n\n<p>Az egyh\u00e1zi \u00f6nk\u00e9ntes hozz\u00e1j\u00e1rul\u00e1st h\u00e1romf\u00e9le m\u00f3don lehet egyh\u00e1zk\u00f6zs\u00e9g\u00fcnkben befizetni:<br>szem\u00e9lyesen a sekresty\u00e9ben a mis\u00e9k el\u0151tt vagy ut\u00e1n;<br>\u00e1tutal\u00e1ssal a Sz\u00e9phalmi Pl\u00e9b\u00e1nia <br><strong>10700244-73463348-51100005<\/strong><br>sz\u00e1m\u00fa CIB bankn\u00e1l vezetett banksz\u00e1mlasz\u00e1m\u00e1ra.<br>Ir\u00e1nymutat\u00e1sk\u00e9nt az \u00f6nk\u00e9ntes hozz\u00e1j\u00e1rul\u00e1s m\u00e9rt\u00e9k\u00e9t a Magyar Katolikus P\u00fcsp\u00f6ki Konferencia 2005-ben az egy f\u0151re es\u0151 nett\u00f3 j\u00f6vedelem 1 %-\u00e1ban hat\u00e1rozta meg.<\/p>\n\n\n\n<p><strong>HONLAP<\/strong><\/p>\n\n\n\n<p>Felel\u0151s: Urb\u00e1n Simon<br>E-mail: urbsim kukac gmail pont com<\/p>\n\n\n\n<div style=\"height:var(--wp--preset--spacing--50)\" aria-hidden=\"true\" class=\"wp-block-spacer\"><\/div>\n\n\n\n<p><\/p>\n","protected":false},"excerpt":{"rendered":"<p>TEMPLOM 1028 Budapest, Kossuth Lajos utca 13. PL\u00c9B\u00c1NIA 1028 Budapest, Templom k\u00f6z 1.Telefon: +36-30-214-1407E-mail: plebania.iroda@gmail.com Irodai id\u0151:&#8211; Kedd: 9-12 \u00f3ra&#8211; [&hellip;]<\/p>\n","protected":false},"author":1,"featured_media":0,"parent":0,"menu_order":0,"comment_status":"closed","ping_status":"closed","template":"","meta":{"site-sidebar-layout":"default","site-content-layout":"","ast-site-content-layout":"default","site-content-style":"default","site-sidebar-style":"default","ast-global-header-display":"","ast-banner-title-visibility":"","ast-main-header-display":"","ast-hfb-above-header-display":"","ast-hfb-below-header-display":"","ast-hfb-mobile-header-display":"","site-post-title":"","ast-breadcrumbs-content":"","ast-featured-img":"","footer-sml-layout":"","ast-disable-related-posts":"","theme-transparent-header-meta":"","adv-header-id-meta":"","stick-header-meta":"","header-above-stick-meta":"","header-main-stick-meta":"","header-below-stick-meta":"","astra-migrate-meta-layouts":"default","ast-page-background-enabled":"default","ast-page-background-meta":{"desktop":{"background-color":"var(--ast-global-color-5)","background-image":"","background-repeat":"repeat","background-position":"center center","background-size":"auto","background-attachment":"scroll","background-type":"","background-media":"","overlay-type":"","overlay-color":"","overlay-opacity":"","overlay-gradient":""},"tablet":{"background-color":"","background-image":"","background-repeat":"repeat","background-position":"center center","background-size":"auto","background-attachment":"scroll","background-type":"","background-media":"","overlay-type":"","overlay-color":"","overlay-opacity":"","overlay-gradient":""},"mobile":{"background-color":"","background-image":"","background-repeat":"repeat","background-position":"center center","background-size":"auto","background-attachment":"scroll","background-type":"","background-media":"","overlay-type":"","overlay-color":"","overlay-opacity":"","overlay-gradient":""}},"ast-content-background-meta":{"desktop":{"background-color":"var(--ast-global-color-4)","background-image":"","background-repeat":"repeat","background-position":"center center","background-size":"auto","background-attachment":"scroll","background-type":"","background-media":"","overlay-type":"","overlay-color":"","overlay-opacity":"","overlay-gradient":""},"tablet":{"background-color":"var(--ast-global-color-4)","background-image":"","background-repeat":"repeat","background-position":"center center","background-size":"auto","background-attachment":"scroll","background-type":"","background-media":"","overlay-type":"","overlay-color":"","overlay-opacity":"","overlay-gradient":""},"mobile":{"background-color":"var(--ast-global-color-4)","background-image":"","background-repeat":"repeat","background-position":"center center","background-size":"auto","background-attachment":"scroll","background-type":"","background-media":"","overlay-type":"","overlay-color":"","overlay-opacity":"","overlay-gradient":""}},"footnotes":""},"class_list":["post-8","page","type-page","status-publish","hentry"],"_links":{"self":[{"href":"https:\/\/szephalom.plebania.hu\/index.php\/wp-json\/wp\/v2\/pages\/8","targetHints":{"allow":["GET"]}}],"collection":[{"href":"https:\/\/szephalom.plebania.hu\/index.php\/wp-json\/wp\/v2\/pages"}],"about":[{"href":"https:\/\/szephalom.plebania.hu\/index.php\/wp-json\/wp\/v2\/types\/page"}],"author":[{"embeddable":true,"href":"https:\/\/szephalom.plebania.hu\/index.php\/wp-json\/wp\/v2\/users\/1"}],"replies":[{"embeddable":true,"href":"https:\/\/szephalom.plebania.hu\/index.php\/wp-json\/wp\/v2\/comments?post=8"}],"version-history":[{"count":3,"href":"https:\/\/szephalom.plebania.hu\/index.php\/wp-json\/wp\/v2\/pages\/8\/revisions"}],"predecessor-version":[{"id":70,"href":"https:\/\/szephalom.plebania.hu\/index.php\/wp-json\/wp\/v2\/pages\/8\/revisions\/70"}],"wp:attachment":[{"href":"https:\/\/szephalom.plebania.hu\/index.php\/wp-json\/wp\/v2\/media?parent=8"}],"curies":[{"name":"wp","href":"https:\/\/api.w.org\/{rel}","templated":true}]}}